{"id":71,"date":"2022-11-16T15:28:28","date_gmt":"2022-11-16T14:28:28","guid":{"rendered":"https:\/\/irsaipalinka.hu\/?post_type=product&#038;p=71"},"modified":"2024-10-31T10:20:48","modified_gmt":"2024-10-31T09:20:48","slug":"irsai-oliver-palinka","status":"publish","type":"product","link":"https:\/\/irsaipalinka.hu\/de\/produkt\/irsai-oliver-palinka\/","title":{"rendered":"Irsai Oliv\u00e9r P\u00e1linka von Cserkesz\u0151l\u0151"},"content":{"rendered":"<p>Die diesj\u00e4hrige Trockenheit hat den Weinreben der mittlerweile 10 Jahre alten Plantage Irsai Oliv\u00e9r \u00fcberraschend viele Trauben beschert. Das intensive Moschus- und Propolisaroma und der Geschmack der Trauben, die typisch f\u00fcr Irsai Oliv\u00e9r sind, sind in jedem Tropfen dieser 44 %-igen Spirituose enthalten, die dieses Jahr zum ersten Mal stolz den Namen Irsai Oliv\u00e9r P\u00e1linka tr\u00e4gt.<\/p>","protected":false},"excerpt":{"rendered":"<p>Lorem ipsum dolor sit amet consectetur adipiscing elit duis, velit sagittis aptent fusce eleifend eros ultricies, dui at imperdiet nam tristique sollicitudin sociosqu. Porttitor ante malesuada est vulputate senectus nisi nec dictum proin, nunc quisque sem taciti nostra id sed leo luctus bibendum, cubilia accumsan massa eu gravida vel in fames. Risus nascetur iaculis congue a orci pretium platea, curae sed litora maecenas torquent vivamus lacus, nostra elementum donec quis semper vestibulum.<\/p>","protected":false},"featured_media":274,"comment_status":"open","ping_status":"closed","template":"","meta":{"inline_featured_image":false},"product_brand":[],"product_cat":[15],"product_tag":[],"class_list":{"0":"post-71","1":"product","2":"type-product","3":"status-publish","4":"has-post-thumbnail","6":"product_cat-egyeb","8":"first","9":"instock","10":"taxable","11":"shipping-taxable","12":"purchasable","13":"product-type-simple"},"_links":{"self":[{"href":"https:\/\/irsaipalinka.hu\/de\/wp-json\/wp\/v2\/product\/71","targetHints":{"allow":["GET"]}}],"collection":[{"href":"https:\/\/irsaipalinka.hu\/de\/wp-json\/wp\/v2\/product"}],"about":[{"href":"https:\/\/irsaipalinka.hu\/de\/wp-json\/wp\/v2\/types\/product"}],"replies":[{"embeddable":true,"href":"https:\/\/irsaipalinka.hu\/de\/wp-json\/wp\/v2\/comments?post=71"}],"wp:featuredmedia":[{"embeddable":true,"href":"https:\/\/irsaipalinka.hu\/de\/wp-json\/wp\/v2\/media\/274"}],"wp:attachment":[{"href":"https:\/\/irsaipalinka.hu\/de\/wp-json\/wp\/v2\/media?parent=71"}],"wp:term":[{"taxonomy":"product_brand","embeddable":true,"href":"https:\/\/irsaipalinka.hu\/de\/wp-json\/wp\/v2\/product_brand?post=71"},{"taxonomy":"product_cat","embeddable":true,"href":"https:\/\/irsaipalinka.hu\/de\/wp-json\/wp\/v2\/product_cat?post=71"},{"taxonomy":"product_tag","embeddable":true,"href":"https:\/\/irsaipalinka.hu\/de\/wp-json\/wp\/v2\/product_tag?post=71"}],"curies":[{"name":"wp","href":"https:\/\/api.w.org\/{rel}","templated":true}]}}